{"id":28731,"date":"2017-07-31T07:38:52","date_gmt":"2017-07-31T07:38:52","guid":{"rendered":"https:\/\/competition.hu\/blog\/"},"modified":"2025-06-26T12:56:15","modified_gmt":"2025-06-26T12:56:15","slug":"blog","status":"publish","type":"page","link":"https:\/\/competition.hu\/en\/","title":{"rendered":"Blog"},"content":{"rendered":"<p>[et_pb_section fb_built=&#8221;1&#8243; inner_shadow=&#8221;on&#8221; admin_label=&#8221;Hero Section&#8221; _builder_version=&#8221;4.16&#8243; background_image=&#8221;https:\/\/competition.hu\/wp-content\/uploads\/2017\/04\/CHCH-hajnali-rajtautesek-slider.jpg&#8221; transparent_background=&#8221;off&#8221; make_fullwidth=&#8221;off&#8221; use_custom_width=&#8221;off&#8221; width_unit=&#8221;on&#8221; collapsed=&#8221;off&#8221; global_colors_info=&#8221;{}&#8221;][et_pb_row padding_mobile=&#8221;on&#8221; column_padding_mobile=&#8221;on&#8221; admin_label=&#8221;row&#8221; _builder_version=&#8221;4.16&#8243; background_size=&#8221;initial&#8221; background_position=&#8221;top_left&#8221; background_repeat=&#8221;repeat&#8221; custom_margin=&#8221;5%||5%|&#8221; custom_padding=&#8221;||0px|&#8221; make_fullwidth=&#8221;off&#8221; use_custom_width=&#8221;off&#8221; width_unit=&#8221;on&#8221; global_colors_info=&#8221;{}&#8221;][et_pb_column type=&#8221;4_4&#8243; _builder_version=&#8221;4.16&#8243; custom_padding=&#8221;|||&#8221; global_colors_info=&#8221;{}&#8221; custom_padding__hover=&#8221;|||&#8221;][et_pb_cta title=&#8221;WE ARE COMPETITION&#8221; admin_label=&#8221;Slider&#8221; _builder_version=&#8221;4.16&#8243; header_font=&#8221;Montserrat|on|||&#8221; header_text_color=&#8221;#ffffff&#8221; header_font_size=&#8221;56&#8243; header_line_height=&#8221;1.3em&#8221; body_font=&#8221;Montserrat||||&#8221; body_text_color=&#8221;#ffffff&#8221; body_font_size=&#8221;26&#8243; body_line_height=&#8221;1.2em&#8221; use_background_color=&#8221;off&#8221; header_font_size_tablet=&#8221;46&#8243; header_font_size_phone=&#8221;36&#8243; header_font_size_last_edited=&#8221;on|desktop&#8221; custom_css_main_element=&#8221;font-weight:400;&#8221; custom_css_promo_description=&#8221;font-weight:400;&#8221; custom_css_promo_button=&#8221;margin-top:34px;&#8221; button_border_color_hover=&#8221;#aad3ca&#8221; button_border_radius_hover=&#8221;4&#8243; button_letter_spacing_hover=&#8221;1&#8243; global_colors_info=&#8221;{}&#8221; button_text_size__hover_enabled=&#8221;off&#8221; button_one_text_size__hover_enabled=&#8221;off&#8221; button_two_text_size__hover_enabled=&#8221;off&#8221; button_text_color__hover_enabled=&#8221;off&#8221; button_one_text_color__hover_enabled=&#8221;off&#8221; button_two_text_color__hover_enabled=&#8221;off&#8221; button_border_width__hover_enabled=&#8221;off&#8221; button_one_border_width__hover_enabled=&#8221;off&#8221; button_two_border_width__hover_enabled=&#8221;off&#8221; button_border_color__hover_enabled=&#8221;on&#8221; button_border_color__hover=&#8221;#aad3ca&#8221; button_one_border_color__hover_enabled=&#8221;off&#8221; button_two_border_color__hover_enabled=&#8221;off&#8221; button_border_radius__hover_enabled=&#8221;on&#8221; button_border_radius__hover=&#8221;4&#8243; button_one_border_radius__hover_enabled=&#8221;off&#8221; button_two_border_radius__hover_enabled=&#8221;off&#8221; button_letter_spacing__hover_enabled=&#8221;on&#8221; button_letter_spacing__hover=&#8221;1&#8243; button_one_letter_spacing__hover_enabled=&#8221;off&#8221; button_two_letter_spacing__hover_enabled=&#8221;off&#8221; button_bg_color__hover_enabled=&#8221;off&#8221; button_one_bg_color__hover_enabled=&#8221;off&#8221; button_two_bg_color__hover_enabled=&#8221;off&#8221;][\/et_pb_cta][\/et_pb_column][\/et_pb_row][\/et_pb_section][et_pb_section fb_built=&#8221;1&#8243; _builder_version=&#8221;4.16&#8243; custom_padding=&#8221;0px||0px|&#8221; global_colors_info=&#8221;{}&#8221;][et_pb_row _builder_version=&#8221;4.16&#8243; background_size=&#8221;initial&#8221; background_position=&#8221;top_left&#8221; background_repeat=&#8221;repeat&#8221; custom_margin=&#8221;35px|||&#8221; global_colors_info=&#8221;{}&#8221;][et_pb_column type=&#8221;4_4&#8243; _builder_version=&#8221;4.16&#8243; custom_padding=&#8221;|||&#8221; global_colors_info=&#8221;{}&#8221; custom_padding__hover=&#8221;|||&#8221;][et_pb_text _builder_version=&#8221;4.16&#8243; text_font=&#8221;Roboto Light||||&#8221; text_text_color=&#8221;#3c3c3c&#8221; text_font_size=&#8221;20&#8243; text_line_height=&#8221;1.5em&#8221; text_orientation=&#8221;center&#8221; module_alignment=&#8221;center&#8221; custom_css_main_element=&#8221;font-weight:300;&#8221; global_colors_info=&#8221;{}&#8221;]<\/p>\n<p style=\"text-align: center;\">This is the competition law blog of CERHA HEMPEL Dezs\u0151 and Partners. We regularly publish news, articles and analysis about competition law, written by the members of our law firm. On occasion we give place for other fields of law as well.<\/p>\n<p>[\/et_pb_text][\/et_pb_column][\/et_pb_row][\/et_pb_section][et_pb_section fb_built=&#8221;1&#8243; _builder_version=&#8221;4.16&#8243; global_colors_info=&#8221;{}&#8221;][et_pb_row column_structure=&#8221;2_3,1_3&#8243; module_class=&#8221;elegantdesign&#8221; _builder_version=&#8221;4.16&#8243; global_colors_info=&#8221;{}&#8221;][et_pb_column type=&#8221;2_3&#8243; _builder_version=&#8221;4.16&#8243; background_position=&#8221;top_left&#8221; custom_padding=&#8221;|||&#8221; global_colors_info=&#8221;{}&#8221; custom_padding__hover=&#8221;|||&#8221;][et_pb_blog fullwidth=&#8221;off&#8221; show_author=&#8221;off&#8221; show_date=&#8221;off&#8221; show_categories=&#8221;off&#8221; _builder_version=&#8221;4.16&#8243; header_font=&#8221;|on|||&#8221; custom_css_featured_image=&#8221;margin-top: 20px;&#8221; box_shadow_style=&#8221;preset1&#8243; box_shadow_vertical=&#8221;1px&#8221; box_shadow_blur=&#8221;5px&#8221; box_shadow_color=&#8221;rgba(0,0,0,.1)&#8221; border_style=&#8221;solid&#8221; use_dropshadow=&#8221;on&#8221; global_colors_info=&#8221;{}&#8221;][\/et_pb_blog][\/et_pb_column][et_pb_column type=&#8221;1_3&#8243; _builder_version=&#8221;4.16&#8243; background_position=&#8221;top_left&#8221; custom_padding=&#8221;|||&#8221; global_colors_info=&#8221;{}&#8221; custom_padding__hover=&#8221;|||&#8221;][et_pb_sidebar area=&#8221;sidebar-1&#8243; _builder_version=&#8221;4.16&#8243; hover_enabled=&#8221;0&#8243; global_colors_info=&#8221;{}&#8221; sticky_enabled=&#8221;0&#8243;][\/et_pb_sidebar][\/et_pb_column][\/et_pb_row][\/et_pb_section]<\/p>\n","protected":false},"excerpt":{"rendered":"<p>This is the competition law blog of CERHA HEMPEL Dezs\u0151 and Partners. We regularly publish news, articles and analysis about competition law, written by the members of our law firm. On occasion we give place for other fields of law as well.<\/p>\n","protected":false},"author":1,"featured_media":0,"parent":0,"menu_order":0,"comment_status":"closed","ping_status":"closed","template":"","meta":{"_et_pb_use_builder":"on","_et_pb_old_content":"","_et_gb_content_width":"","footnotes":""},"class_list":["post-28731","page","type-page","status-publish","hentry"],"yoast_head":"<!-- This site is optimized with the Yoast SEO plugin v27.4 - https:\/\/yoast.com\/product\/yoast-seo-wordpress\/ -->\n<title>Competition law blog - CERHA HEMPEL Dezs\u0151 and Partners<\/title>\n<meta name=\"description\" content=\"Competition law blog of CERHA HEMPEL Dezs\u0151 and Partners. We regularly publish news, articles about competition law, written by the members of our law firm.\" \/>\n<meta name=\"robots\" content=\"index, follow, max-snippet:-1, max-image-preview:large, max-video-preview:-1\" \/>\n<link rel=\"canonical\" href=\"https:\/\/competition.hu\/en\/blog\/\" \/>\n<meta property=\"og:locale\" content=\"en_US\" \/>\n<meta property=\"og:type\" content=\"article\" \/>\n<meta property=\"og:title\" content=\"Competition law blog - CERHA HEMPEL Dezs\u0151 and Partners\" \/>\n<meta property=\"og:description\" content=\"Competition law blog of CERHA HEMPEL Dezs\u0151 and Partners. We regularly publish news, articles about competition law, written by the members of our law firm.\" \/>\n<meta property=\"og:url\" content=\"https:\/\/competition.hu\/en\/blog\/\" \/>\n<meta property=\"og:site_name\" content=\"Versenyben vagyunk - a CERHA HEMPEL versenyjogi blogja\" \/>\n<meta property=\"article:modified_time\" content=\"2025-06-26T12:56:15+00:00\" \/>\n<meta name=\"twitter:card\" content=\"summary_large_image\" \/>\n<meta name=\"twitter:label1\" content=\"Est. reading time\" \/>\n\t<meta name=\"twitter:data1\" content=\"6 minutes\" \/>\n<script type=\"application\/ld+json\" class=\"yoast-schema-graph\">{\"@context\":\"https:\\\/\\\/schema.org\",\"@graph\":[{\"@type\":\"WebPage\",\"@id\":\"https:\\\/\\\/competition.hu\\\/en\\\/blog\\\/\",\"url\":\"https:\\\/\\\/competition.hu\\\/en\\\/blog\\\/\",\"name\":\"Competition law blog - CERHA HEMPEL Dezs\u0151 and Partners\",\"isPartOf\":{\"@id\":\"https:\\\/\\\/competition.hu\\\/#website\"},\"datePublished\":\"2017-07-31T07:38:52+00:00\",\"dateModified\":\"2025-06-26T12:56:15+00:00\",\"description\":\"Competition law blog of CERHA HEMPEL Dezs\u0151 and Partners. We regularly publish news, articles about competition law, written by the members of our law firm.\",\"breadcrumb\":{\"@id\":\"https:\\\/\\\/competition.hu\\\/en\\\/blog\\\/#breadcrumb\"},\"inLanguage\":\"en-US\",\"potentialAction\":[{\"@type\":\"ReadAction\",\"target\":[\"https:\\\/\\\/competition.hu\\\/en\\\/blog\\\/\"]}]},{\"@type\":\"BreadcrumbList\",\"@id\":\"https:\\\/\\\/competition.hu\\\/en\\\/blog\\\/#breadcrumb\",\"itemListElement\":[{\"@type\":\"ListItem\",\"position\":1,\"name\":\"Home\",\"item\":\"https:\\\/\\\/competition.hu\\\/en\\\/blog\\\/\"},{\"@type\":\"ListItem\",\"position\":2,\"name\":\"Blog\"}]},{\"@type\":\"WebSite\",\"@id\":\"https:\\\/\\\/competition.hu\\\/#website\",\"url\":\"https:\\\/\\\/competition.hu\\\/\",\"name\":\"Versenyben vagyunk - a CERHA HEMPEL versenyjogi blogja\",\"description\":\"Koll\u00e9g\u00e1ink rendszeresen publik\u00e1lnak versenyjoggal kapcsolatos h\u00edreket, elemz\u00e9seket, de id\u0151nk\u00e9nt m\u00e1s jogter\u00fcletekkel kapcsolatos elemz\u00e9seknek is helyt adunk.\",\"potentialAction\":[{\"@type\":\"SearchAction\",\"target\":{\"@type\":\"EntryPoint\",\"urlTemplate\":\"https:\\\/\\\/competition.hu\\\/?s={search_term_string}\"},\"query-input\":{\"@type\":\"PropertyValueSpecification\",\"valueRequired\":true,\"valueName\":\"search_term_string\"}}],\"inLanguage\":\"en-US\"}]}<\/script>\n<!-- \/ Yoast SEO plugin. -->","yoast_head_json":{"title":"Competition law blog - CERHA HEMPEL Dezs\u0151 and Partners","description":"Competition law blog of CERHA HEMPEL Dezs\u0151 and Partners. We regularly publish news, articles about competition law, written by the members of our law firm.","robots":{"index":"index","follow":"follow","max-snippet":"max-snippet:-1","max-image-preview":"max-image-preview:large","max-video-preview":"max-video-preview:-1"},"canonical":"https:\/\/competition.hu\/en\/blog\/","og_locale":"en_US","og_type":"article","og_title":"Competition law blog - CERHA HEMPEL Dezs\u0151 and Partners","og_description":"Competition law blog of CERHA HEMPEL Dezs\u0151 and Partners. We regularly publish news, articles about competition law, written by the members of our law firm.","og_url":"https:\/\/competition.hu\/en\/blog\/","og_site_name":"Versenyben vagyunk - a CERHA HEMPEL versenyjogi blogja","article_modified_time":"2025-06-26T12:56:15+00:00","twitter_card":"summary_large_image","twitter_misc":{"Est. reading time":"6 minutes"},"schema":{"@context":"https:\/\/schema.org","@graph":[{"@type":"WebPage","@id":"https:\/\/competition.hu\/en\/blog\/","url":"https:\/\/competition.hu\/en\/blog\/","name":"Competition law blog - CERHA HEMPEL Dezs\u0151 and Partners","isPartOf":{"@id":"https:\/\/competition.hu\/#website"},"datePublished":"2017-07-31T07:38:52+00:00","dateModified":"2025-06-26T12:56:15+00:00","description":"Competition law blog of CERHA HEMPEL Dezs\u0151 and Partners. We regularly publish news, articles about competition law, written by the members of our law firm.","breadcrumb":{"@id":"https:\/\/competition.hu\/en\/blog\/#breadcrumb"},"inLanguage":"en-US","potentialAction":[{"@type":"ReadAction","target":["https:\/\/competition.hu\/en\/blog\/"]}]},{"@type":"BreadcrumbList","@id":"https:\/\/competition.hu\/en\/blog\/#breadcrumb","itemListElement":[{"@type":"ListItem","position":1,"name":"Home","item":"https:\/\/competition.hu\/en\/blog\/"},{"@type":"ListItem","position":2,"name":"Blog"}]},{"@type":"WebSite","@id":"https:\/\/competition.hu\/#website","url":"https:\/\/competition.hu\/","name":"Versenyben vagyunk - a CERHA HEMPEL versenyjogi blogja","description":"Koll\u00e9g\u00e1ink rendszeresen publik\u00e1lnak versenyjoggal kapcsolatos h\u00edreket, elemz\u00e9seket, de id\u0151nk\u00e9nt m\u00e1s jogter\u00fcletekkel kapcsolatos elemz\u00e9seknek is helyt adunk.","potentialAction":[{"@type":"SearchAction","target":{"@type":"EntryPoint","urlTemplate":"https:\/\/competition.hu\/?s={search_term_string}"},"query-input":{"@type":"PropertyValueSpecification","valueRequired":true,"valueName":"search_term_string"}}],"inLanguage":"en-US"}]}},"_links":{"self":[{"href":"https:\/\/competition.hu\/en\/wp-json\/wp\/v2\/pages\/28731","targetHints":{"allow":["GET"]}}],"collection":[{"href":"https:\/\/competition.hu\/en\/wp-json\/wp\/v2\/pages"}],"about":[{"href":"https:\/\/competition.hu\/en\/wp-json\/wp\/v2\/types\/page"}],"author":[{"embeddable":true,"href":"https:\/\/competition.hu\/en\/wp-json\/wp\/v2\/users\/1"}],"replies":[{"embeddable":true,"href":"https:\/\/competition.hu\/en\/wp-json\/wp\/v2\/comments?post=28731"}],"version-history":[{"count":5,"href":"https:\/\/competition.hu\/en\/wp-json\/wp\/v2\/pages\/28731\/revisions"}],"predecessor-version":[{"id":30535,"href":"https:\/\/competition.hu\/en\/wp-json\/wp\/v2\/pages\/28731\/revisions\/30535"}],"wp:attachment":[{"href":"https:\/\/competition.hu\/en\/wp-json\/wp\/v2\/media?parent=28731"}],"curies":[{"name":"wp","href":"https:\/\/api.w.org\/{rel}","templated":true}]}}